{"id":7,"date":"2024-02-09T17:40:56","date_gmt":"2024-02-09T17:40:56","guid":{"rendered":"https:\/\/hipotekanabank.pl\/?page_id=7"},"modified":"2024-02-10T07:25:01","modified_gmt":"2024-02-10T07:25:01","slug":"strona-w-budowie","status":"publish","type":"page","link":"https:\/\/hipotekanabank.pl\/","title":{"rendered":"Strona w budowie"},"content":{"rendered":"<p>[et_pb_section fb_built=&#8221;1&#8243; admin_label=&#8221;Services&#8221; _builder_version=&#8221;4.24.0&#8243; background_color=&#8221;#f8f0ed&#8221; custom_margin=&#8221;|||&#8221; custom_padding=&#8221;0px|0px|100px|0px||&#8221; global_colors_info=&#8221;{}&#8221;][et_pb_row _builder_version=&#8221;4.16&#8243; custom_padding=&#8221;||2px|||&#8221; animation_style=&#8221;fade&#8221; global_colors_info=&#8221;{}&#8221;][et_pb_column type=&#8221;4_4&#8243; _builder_version=&#8221;4.16&#8243; custom_padding=&#8221;|||&#8221; global_colors_info=&#8221;{}&#8221; custom_padding__hover=&#8221;|||&#8221;][et_pb_text _builder_version=&#8221;4.16&#8243; text_font=&#8221;||||||||&#8221; header_font=&#8221;||||||||&#8221; header_2_font=&#8221;Playfair Display|700|||||||&#8221; header_2_font_size=&#8221;38px&#8221; header_2_letter_spacing=&#8221;1px&#8221; header_2_line_height=&#8221;1.4em&#8221; header_3_font=&#8221;Poppins|700||on|||||&#8221; header_3_text_color=&#8221;#edbb5f&#8221; header_3_font_size=&#8221;14px&#8221; header_3_letter_spacing=&#8221;1px&#8221; header_3_line_height=&#8221;2em&#8221; text_orientation=&#8221;center&#8221; max_width=&#8221;700px&#8221; module_alignment=&#8221;center&#8221; global_colors_info=&#8221;{}&#8221;]<\/p>\n<h3>Strona w budowie<\/h3>\n<h2><span style=\"color: #492c0c;\">Jak mi\u0142o Ci\u0119 widzie\u0107!<\/span><\/h2>\n<p>[\/et_pb_text][et_pb_divider color=&#8221;#edbb5f&#8221; divider_weight=&#8221;2px&#8221; _builder_version=&#8221;4.16&#8243; max_width=&#8221;60px&#8221; module_alignment=&#8221;center&#8221; height=&#8221;2px&#8221; global_colors_info=&#8221;{}&#8221;][\/et_pb_divider][et_pb_text _builder_version=&#8221;4.16&#8243; text_font=&#8221;Poppins||||||||&#8221; text_font_size=&#8221;16px&#8221; text_letter_spacing=&#8221;1px&#8221; text_line_height=&#8221;2em&#8221; text_orientation=&#8221;center&#8221; max_width=&#8221;700px&#8221; module_alignment=&#8221;center&#8221; custom_margin=&#8221;|190px|5px|||&#8221; custom_padding=&#8221;||0px|||&#8221; global_colors_info=&#8221;{}&#8221;]<\/p>\n<p><span style=\"font-size: 16px;\"><strong>Hipoteka na BANK<\/strong> to miejsce powstaje z my\u015bl\u0105 o wszystkich, kt\u00f3rzy poszukuj\u0105 \u017ar\u00f3d\u0142a finansowania dla swoich plan\u00f3w i marze\u0144<\/span>.<span style=\"font-size: 16px;\"><\/span><\/p>\n<p>Sara Kruszy\u0144ska &#8211; Ekspert ds. kredyt\u00f3w hipotecznych<\/p>\n<p>tel. +48 502 655 191<\/p>\n<p><span style=\"font-size: 16px;\"><\/span><\/p>\n<p>[\/et_pb_text][\/et_pb_column][\/et_pb_row][et_pb_row column_structure=&#8221;1_3,1_3,1_3&#8243; _builder_version=&#8221;4.24.0&#8243; _module_preset=&#8221;default&#8221; custom_padding=&#8221;|95px||85px||&#8221; global_colors_info=&#8221;{}&#8221;][et_pb_column type=&#8221;1_3&#8243; _builder_version=&#8221;4.24.0&#8243; _module_preset=&#8221;default&#8221; global_colors_info=&#8221;{}&#8221;][et_pb_icon font_icon=&#8221;&#xe09d;||divi||400&#8243; icon_color=&#8221;#492c0c&#8221; icon_width=&#8221;80px&#8221; url=&#8221;https:\/\/www.linkedin.com\/in\/sara-kruszynska\/&#8221; _builder_version=&#8221;4.24.0&#8243; _module_preset=&#8221;default&#8221; custom_padding=&#8221;||0px|||&#8221; global_colors_info=&#8221;{}&#8221;][\/et_pb_icon][\/et_pb_column][et_pb_column type=&#8221;1_3&#8243; _builder_version=&#8221;4.24.0&#8243; _module_preset=&#8221;default&#8221; global_colors_info=&#8221;{}&#8221;][et_pb_icon font_icon=&#8221;&#xe093;||divi||400&#8243; icon_color=&#8221;#492c0c&#8221; icon_width=&#8221;80px&#8221; url=&#8221;https:\/\/www.facebook.com\/p\/Hipoteka-na-bank-Sara-Kruszy%C5%84ska-100076579043392&#8243; _builder_version=&#8221;4.24.0&#8243; _module_preset=&#8221;default&#8221; global_colors_info=&#8221;{}&#8221;][\/et_pb_icon][\/et_pb_column][et_pb_column type=&#8221;1_3&#8243; _builder_version=&#8221;4.24.0&#8243; _module_preset=&#8221;default&#8221; global_colors_info=&#8221;{}&#8221;][et_pb_icon font_icon=&#8221;&#xe081;||divi||400&#8243; icon_color=&#8221;#492c0c&#8221; icon_width=&#8221;80px&#8221; url=&#8221;https:\/\/g.co\/kgs\/VkYPSrv&#8221; _builder_version=&#8221;4.24.0&#8243; _module_preset=&#8221;default&#8221; global_colors_info=&#8221;{}&#8221;][\/et_pb_icon][\/et_pb_column][\/et_pb_row][\/et_pb_section]<\/p>\n","protected":false},"excerpt":{"rendered":"<p>Strona w budowie Jak mi\u0142o Ci\u0119 widzie\u0107!Hipoteka na BANK to miejsce powstaje z my\u015bl\u0105 o wszystkich, kt\u00f3rzy poszukuj\u0105 \u017ar\u00f3d\u0142a finansowania dla swoich plan\u00f3w i marze\u0144. Sara Kruszy\u0144ska &#8211; Ekspert ds. kredyt\u00f3w hipotecznych tel. +48 502 655 191<\/p>\n","protected":false},"author":1,"featured_media":0,"parent":0,"menu_order":0,"comment_status":"closed","ping_status":"closed","template":"","meta":{"_et_pb_use_builder":"on","_et_pb_old_content":"","_et_gb_content_width":"","footnotes":""},"_links":{"self":[{"href":"https:\/\/hipotekanabank.pl\/index.php?rest_route=\/wp\/v2\/pages\/7"}],"collection":[{"href":"https:\/\/hipotekanabank.pl\/index.php?rest_route=\/wp\/v2\/pages"}],"about":[{"href":"https:\/\/hipotekanabank.pl\/index.php?rest_route=\/wp\/v2\/types\/page"}],"author":[{"embeddable":true,"href":"https:\/\/hipotekanabank.pl\/index.php?rest_route=\/wp\/v2\/users\/1"}],"replies":[{"embeddable":true,"href":"https:\/\/hipotekanabank.pl\/index.php?rest_route=%2Fwp%2Fv2%2Fcomments&post=7"}],"version-history":[{"count":20,"href":"https:\/\/hipotekanabank.pl\/index.php?rest_route=\/wp\/v2\/pages\/7\/revisions"}],"predecessor-version":[{"id":67,"href":"https:\/\/hipotekanabank.pl\/index.php?rest_route=\/wp\/v2\/pages\/7\/revisions\/67"}],"wp:attachment":[{"href":"https:\/\/hipotekanabank.pl\/index.php?rest_route=%2Fwp%2Fv2%2Fmedia&parent=7"}],"curies":[{"name":"wp","href":"https:\/\/api.w.org\/{rel}","templated":true}]}}